{"id":488,"date":"2018-04-19T18:40:42","date_gmt":"2018-04-19T16:40:42","guid":{"rendered":"https:\/\/ewaldvorberg.de\/wordpress\/?page_id=488"},"modified":"2024-08-27T06:43:28","modified_gmt":"2024-08-27T04:43:28","slug":"impressum","status":"publish","type":"page","link":"https:\/\/ewaldvorberg.de\/homepage\/en\/impressum\/","title":{"rendered":"Impressum"},"content":{"rendered":"<div data-elementor-type=\"wp-page\" data-elementor-id=\"488\" class=\"elementor elementor-488\">\n\t\t\t\t\t\t<section class=\"elementor-section elementor-top-section elementor-element elementor-element-4608b1ea elementor-section-boxed elementor-section-height-default elementor-section-height-default\" data-id=\"4608b1ea\" data-element_type=\"section\">\n\t\t\t\t\t\t<div class=\"elementor-container elementor-column-gap-default\">\n\t\t\t\t\t<div class=\"elementor-column elementor-col-100 elementor-top-column elementor-element elementor-element-351b3644\" data-id=\"351b3644\" data-element_type=\"column\">\n\t\t\t<div class=\"elementor-widget-wrap elementor-element-populated\">\n\t\t\t\t\t\t<div class=\"elementor-element elementor-element-4c660a2b elementor-widget elementor-widget-text-editor\" data-id=\"4c660a2b\" data-element_type=\"widget\" data-widget_type=\"text-editor.default\">\n\t\t\t\t<div class=\"elementor-widget-container\">\n\t\t\t\t\t\t\t<p>Angaben gem\u00e4\u00df \u00a7 5 TMG<\/p><p>Ewald Vorberg<br \/>R\u00f6tebuckweg 9<br \/>79104 Freiburg<br \/>Contact<br \/>Telefon: +49 (0) 151 52290476<br \/>E-Mail: info@ewaldvorberg.de<\/p><p>Redaktionell Verantwortlicher<br \/>Ewald Vorberg<br \/>R\u00f6tebuckweg 9<br \/>79104 Freiburg<\/p><p>\u00a0<\/p>\t\t\t\t\t\t<\/div>\n\t\t\t\t<\/div>\n\t\t\t\t\t<\/div>\n\t\t<\/div>\n\t\t\t\t\t<\/div>\n\t\t<\/section>\n\t\t\t\t<section class=\"elementor-section elementor-top-section elementor-element elementor-element-4bac6f6d elementor-section-boxed elementor-section-height-default elementor-section-height-default\" data-id=\"4bac6f6d\" data-element_type=\"section\">\n\t\t\t\t\t\t<div class=\"elementor-container elementor-column-gap-default\">\n\t\t\t\t\t<div class=\"elementor-column elementor-col-100 elementor-top-column elementor-element elementor-element-69f1cd67\" data-id=\"69f1cd67\" data-element_type=\"column\">\n\t\t\t<div class=\"elementor-widget-wrap elementor-element-populated\">\n\t\t\t\t\t\t<section class=\"elementor-section elementor-inner-section elementor-element elementor-element-19511c04 elementor-section-boxed elementor-section-height-default elementor-section-height-default\" data-id=\"19511c04\" data-element_type=\"section\">\n\t\t\t\t\t\t<div class=\"elementor-container elementor-column-gap-default\">\n\t\t\t\t\t<div class=\"elementor-column elementor-col-50 elementor-inner-column elementor-element elementor-element-9bc86aa\" data-id=\"9bc86aa\" data-element_type=\"column\">\n\t\t\t<div class=\"elementor-widget-wrap elementor-element-populated\">\n\t\t\t\t\t\t<div class=\"elementor-element elementor-element-2b581dee elementor-widget elementor-widget-heading\" data-id=\"2b581dee\" data-element_type=\"widget\" data-widget_type=\"heading.default\">\n\t\t\t\t<div class=\"elementor-widget-container\">\n\t\t\t<h4 class=\"elementor-heading-title elementor-size-default\">Haftung f\u00fcr Inhalte<\/h4>\t\t<\/div>\n\t\t\t\t<\/div>\n\t\t\t\t\t<\/div>\n\t\t<\/div>\n\t\t\t\t<div class=\"elementor-column elementor-col-50 elementor-inner-column elementor-element elementor-element-5d1b0bde\" data-id=\"5d1b0bde\" data-element_type=\"column\">\n\t\t\t<div class=\"elementor-widget-wrap\">\n\t\t\t\t\t\t\t<\/div>\n\t\t<\/div>\n\t\t\t\t\t<\/div>\n\t\t<\/section>\n\t\t\t\t<section class=\"elementor-section elementor-inner-section elementor-element elementor-element-63c47594 elementor-section-boxed elementor-section-height-default elementor-section-height-default\" data-id=\"63c47594\" data-element_type=\"section\">\n\t\t\t\t\t\t<div class=\"elementor-container elementor-column-gap-default\">\n\t\t\t\t\t<div class=\"elementor-column elementor-col-50 elementor-inner-column elementor-element elementor-element-6422fd6c\" data-id=\"6422fd6c\" data-element_type=\"column\">\n\t\t\t<div class=\"elementor-widget-wrap elementor-element-populated\">\n\t\t\t\t\t\t<div class=\"elementor-element elementor-element-6ac35119 elementor-widget elementor-widget-text-editor\" data-id=\"6ac35119\" data-element_type=\"widget\" data-widget_type=\"text-editor.default\">\n\t\t\t\t<div class=\"elementor-widget-container\">\n\t\t\t\t\t\t\t<p>Als Diensteanbieter sind wir gem\u00e4\u00df \u00a7 7 Abs.1 TMG f\u00fcr eigene Inhalte auf diesen Seiten nach den allgemeinen Gesetzen verantwortlich. Nach \u00a7\u00a7 8 bis 10 TMG sind wir als Diensteanbieter jedoch nicht verpflichtet, \u00fcbermittelte oder gespeicherte fremde Informationen zu \u00fcberwachen oder nach Umst\u00e4nden zu forschen, die auf eine rechtswidrige T\u00e4tigkeit hinweisen. Verpflichtungen zur Entfernung oder Sperrung der Nutzung von Informationen nach den allgemeinen Gesetzen bleiben hiervon unber\u00fchrt. Eine diesbez\u00fcgliche Haftung ist jedoch erst ab dem Zeitpunkt der Kenntnis einer konkreten Rechtsverletzung m\u00f6glich. Bei Bekanntwerden von entsprechenden Rechtsverletzungen werden wir diese Inhalte umgehend entfernen.<\/p>\t\t\t\t\t\t<\/div>\n\t\t\t\t<\/div>\n\t\t\t\t\t<\/div>\n\t\t<\/div>\n\t\t\t\t<div class=\"elementor-column elementor-col-50 elementor-inner-column elementor-element elementor-element-1b69ca6\" data-id=\"1b69ca6\" data-element_type=\"column\">\n\t\t\t<div class=\"elementor-widget-wrap\">\n\t\t\t\t\t\t\t<\/div>\n\t\t<\/div>\n\t\t\t\t\t<\/div>\n\t\t<\/section>\n\t\t\t\t\t<\/div>\n\t\t<\/div>\n\t\t\t\t\t<\/div>\n\t\t<\/section>\n\t\t\t\t<section class=\"elementor-section elementor-top-section elementor-element elementor-element-52e8406c elementor-section-boxed elementor-section-height-default elementor-section-height-default\" data-id=\"52e8406c\" data-element_type=\"section\">\n\t\t\t\t\t\t<div class=\"elementor-container elementor-column-gap-default\">\n\t\t\t\t\t<div class=\"elementor-column elementor-col-100 elementor-top-column elementor-element elementor-element-70e4e848\" data-id=\"70e4e848\" data-element_type=\"column\">\n\t\t\t<div class=\"elementor-widget-wrap elementor-element-populated\">\n\t\t\t\t\t\t<section class=\"elementor-section elementor-inner-section elementor-element elementor-element-1113232f elementor-section-boxed elementor-section-height-default elementor-section-height-default\" data-id=\"1113232f\" data-element_type=\"section\">\n\t\t\t\t\t\t<div class=\"elementor-container elementor-column-gap-default\">\n\t\t\t\t\t<div class=\"elementor-column elementor-col-50 elementor-inner-column elementor-element elementor-element-56190492\" data-id=\"56190492\" data-element_type=\"column\">\n\t\t\t<div class=\"elementor-widget-wrap elementor-element-populated\">\n\t\t\t\t\t\t<div class=\"elementor-element elementor-element-427e458f elementor-widget elementor-widget-heading\" data-id=\"427e458f\" data-element_type=\"widget\" data-widget_type=\"heading.default\">\n\t\t\t\t<div class=\"elementor-widget-container\">\n\t\t\t<h4 class=\"elementor-heading-title elementor-size-default\">Haftung f\u00fcr Links<\/h4>\t\t<\/div>\n\t\t\t\t<\/div>\n\t\t\t\t\t<\/div>\n\t\t<\/div>\n\t\t\t\t<div class=\"elementor-column elementor-col-50 elementor-inner-column elementor-element elementor-element-8e3fb31\" data-id=\"8e3fb31\" data-element_type=\"column\">\n\t\t\t<div class=\"elementor-widget-wrap\">\n\t\t\t\t\t\t\t<\/div>\n\t\t<\/div>\n\t\t\t\t\t<\/div>\n\t\t<\/section>\n\t\t\t\t<section class=\"elementor-section elementor-inner-section elementor-element elementor-element-229f7221 elementor-section-boxed elementor-section-height-default elementor-section-height-default\" data-id=\"229f7221\" data-element_type=\"section\">\n\t\t\t\t\t\t<div class=\"elementor-container elementor-column-gap-default\">\n\t\t\t\t\t<div class=\"elementor-column elementor-col-50 elementor-inner-column elementor-element elementor-element-7771dd\" data-id=\"7771dd\" data-element_type=\"column\">\n\t\t\t<div class=\"elementor-widget-wrap elementor-element-populated\">\n\t\t\t\t\t\t<div class=\"elementor-element elementor-element-515b85b1 elementor-widget elementor-widget-text-editor\" data-id=\"515b85b1\" data-element_type=\"widget\" data-widget_type=\"text-editor.default\">\n\t\t\t\t<div class=\"elementor-widget-container\">\n\t\t\t\t\t\t\t<p>Unser Angebot enth\u00e4lt Links zu externen Websites Dritter, auf deren Inhalte wir keinen Einfluss haben. Deshalb k\u00f6nnen wir f\u00fcr diese fremden Inhalte auch keine Gew\u00e4hr \u00fcbernehmen. F\u00fcr die Inhalte der verlinkten Seiten ist stets der jeweilige Anbieter oder Betreiber der Seiten verantwortlich. Die verlinkten Seiten wurden zum Zeitpunkt der Verlinkung auf m\u00f6gliche Rechtsverst\u00f6\u00dfe \u00fcberpr\u00fcft. Rechtswidrige Inhalte waren zum Zeitpunkt der Verlinkung nicht erkennbar. Eine permanente inhaltliche Kontrolle der verlinkten Seiten ist jedoch ohne konkrete Anhaltspunkte einer Rechtsverletzung nicht zumutbar. Bei Bekanntwerden von Rechtsverletzungen werden wir derartige Links umgehend entfernen.<\/p>\t\t\t\t\t\t<\/div>\n\t\t\t\t<\/div>\n\t\t\t\t\t<\/div>\n\t\t<\/div>\n\t\t\t\t<div class=\"elementor-column elementor-col-50 elementor-inner-column elementor-element elementor-element-4df89c50\" data-id=\"4df89c50\" data-element_type=\"column\">\n\t\t\t<div class=\"elementor-widget-wrap\">\n\t\t\t\t\t\t\t<\/div>\n\t\t<\/div>\n\t\t\t\t\t<\/div>\n\t\t<\/section>\n\t\t\t\t\t<\/div>\n\t\t<\/div>\n\t\t\t\t\t<\/div>\n\t\t<\/section>\n\t\t\t\t<section class=\"elementor-section elementor-top-section elementor-element elementor-element-582f48a elementor-section-boxed elementor-section-height-default elementor-section-height-default\" data-id=\"582f48a\" data-element_type=\"section\">\n\t\t\t\t\t\t<div class=\"elementor-container elementor-column-gap-default\">\n\t\t\t\t\t<div class=\"elementor-column elementor-col-100 elementor-top-column elementor-element elementor-element-50bd850\" data-id=\"50bd850\" data-element_type=\"column\">\n\t\t\t<div class=\"elementor-widget-wrap elementor-element-populated\">\n\t\t\t\t\t\t<section class=\"elementor-section elementor-inner-section elementor-element elementor-element-8a5ca12 elementor-section-boxed elementor-section-height-default elementor-section-height-default\" data-id=\"8a5ca12\" data-element_type=\"section\">\n\t\t\t\t\t\t<div class=\"elementor-container elementor-column-gap-default\">\n\t\t\t\t\t<div class=\"elementor-column elementor-col-50 elementor-inner-column elementor-element elementor-element-b955162\" data-id=\"b955162\" data-element_type=\"column\">\n\t\t\t<div class=\"elementor-widget-wrap elementor-element-populated\">\n\t\t\t\t\t\t<div class=\"elementor-element elementor-element-c9a316a elementor-widget elementor-widget-heading\" data-id=\"c9a316a\" data-element_type=\"widget\" data-widget_type=\"heading.default\">\n\t\t\t\t<div class=\"elementor-widget-container\">\n\t\t\t<h4 class=\"elementor-heading-title elementor-size-default\">Urheberrecht<\/h4>\t\t<\/div>\n\t\t\t\t<\/div>\n\t\t\t\t\t<\/div>\n\t\t<\/div>\n\t\t\t\t<div class=\"elementor-column elementor-col-50 elementor-inner-column elementor-element elementor-element-c17231d\" data-id=\"c17231d\" data-element_type=\"column\">\n\t\t\t<div class=\"elementor-widget-wrap\">\n\t\t\t\t\t\t\t<\/div>\n\t\t<\/div>\n\t\t\t\t\t<\/div>\n\t\t<\/section>\n\t\t\t\t<section class=\"elementor-section elementor-inner-section elementor-element elementor-element-7135110 elementor-section-boxed elementor-section-height-default elementor-section-height-default\" data-id=\"7135110\" data-element_type=\"section\">\n\t\t\t\t\t\t<div class=\"elementor-container elementor-column-gap-default\">\n\t\t\t\t\t<div class=\"elementor-column elementor-col-50 elementor-inner-column elementor-element elementor-element-a85e16d\" data-id=\"a85e16d\" data-element_type=\"column\">\n\t\t\t<div class=\"elementor-widget-wrap elementor-element-populated\">\n\t\t\t\t\t\t<div class=\"elementor-element elementor-element-a225a4c elementor-widget elementor-widget-text-editor\" data-id=\"a225a4c\" data-element_type=\"widget\" data-widget_type=\"text-editor.default\">\n\t\t\t\t<div class=\"elementor-widget-container\">\n\t\t\t\t\t\t\t<p>Die durch die Seitenbetreiber erstellten Inhalte und Werke auf diesen Seiten unterliegen dem deutschen Urheberrecht. Die Vervielf\u00e4ltigung, Bearbeitung, Verbreitung und jede Art der Verwertung au\u00dferhalb der Grenzen des Urheberrechtes bed\u00fcrfen der schriftlichen Zustimmung des jeweiligen Autors bzw. Erstellers. Downloads und Kopien dieser Seite sind nur f\u00fcr den privaten, nicht kommerziellen Gebrauch gestattet. Soweit die Inhalte auf dieser Seite nicht vom Betreiber erstellt wurden, werden die Urheberrechte Dritter beachtet. Insbesondere werden Inhalte Dritter als solche gekennzeichnet. Sollten Sie trotzdem auf eine Urheberrechtsverletzung aufmerksam werden, bitten wir um einen entsprechenden Hinweis. Bei Bekanntwerden von Rechtsverletzungen werden wir derartige Inhalte umgehend entfernen<\/p><p>Quelle: e-recht24.de<\/p>\t\t\t\t\t\t<\/div>\n\t\t\t\t<\/div>\n\t\t\t\t\t<\/div>\n\t\t<\/div>\n\t\t\t\t<div class=\"elementor-column elementor-col-50 elementor-inner-column elementor-element elementor-element-dfa1234\" data-id=\"dfa1234\" data-element_type=\"column\">\n\t\t\t<div class=\"elementor-widget-wrap\">\n\t\t\t\t\t\t\t<\/div>\n\t\t<\/div>\n\t\t\t\t\t<\/div>\n\t\t<\/section>\n\t\t\t\t\t<\/div>\n\t\t<\/div>\n\t\t\t\t\t<\/div>\n\t\t<\/section>\n\t\t\t\t<\/div>","protected":false},"excerpt":{"rendered":"<p>Angaben gem\u00e4\u00df \u00a7 5 TMG Ewald Vorberg R\u00f6tebuckweg 9 79104 Freiburg Kontakt Telefon: +49 (0) 151 52290476 E-Mail: info@ewaldvorberg.de Redaktionell Verantwortlicher Ewald Vorberg R\u00f6tebuckweg 9 79104 Freiburg Haftung f\u00fcr Inhalte Als Diensteanbieter sind wir gem\u00e4\u00df \u00a7 7 Abs.1 TMG f\u00fcr eigene Inhalte auf diesen Seiten nach den allgemeinen Gesetzen verantwortlich. Nach \u00a7\u00a7 8 bis 10&#8230;<\/p>","protected":false},"author":1,"featured_media":0,"parent":0,"menu_order":50,"comment_status":"closed","ping_status":"closed","template":"","meta":{"footnotes":""},"class_list":["post-488","page","type-page","status-publish","hentry"],"yoast_head":"<!-- This site is optimized with the Yoast SEO plugin v25.3 - https:\/\/yoast.com\/wordpress\/plugins\/seo\/ -->\n<title>Impressum &#187; Ewald Vorberg \u2502 Fotografie<\/title>\n<meta name=\"description\" content=\"Ich bin Privatperson und f\u00fchre kein Unternehmen\" \/>\n<meta name=\"robots\" content=\"noindex, nofollow\" \/>\n<meta property=\"og:locale\" content=\"en_GB\" \/>\n<meta property=\"og:type\" content=\"article\" \/>\n<meta property=\"og:title\" content=\"Impressum &#187; Ewald Vorberg \u2502 Fotografie\" \/>\n<meta property=\"og:description\" content=\"Ich bin Privatperson und f\u00fchre kein Unternehmen\" \/>\n<meta property=\"og:url\" content=\"https:\/\/ewaldvorberg.de\/homepage\/en\/impressum\/\" \/>\n<meta property=\"og:site_name\" content=\"Ewald Vorberg \u2502 Fotografie\" \/>\n<meta property=\"article:modified_time\" content=\"2024-08-27T04:43:28+00:00\" \/>\n<meta name=\"twitter:card\" content=\"summary_large_image\" \/>\n<meta name=\"twitter:label1\" content=\"Estimated reading time\" \/>\n\t<meta name=\"twitter:data1\" content=\"2 minutes\" \/>\n<script type=\"application\/ld+json\" class=\"yoast-schema-graph\">{\"@context\":\"https:\/\/schema.org\",\"@graph\":[{\"@type\":\"WebPage\",\"@id\":\"https:\/\/ewaldvorberg.de\/homepage\/impressum\/\",\"url\":\"https:\/\/ewaldvorberg.de\/homepage\/impressum\/\",\"name\":\"Impressum &#187; Ewald Vorberg \u2502 Fotografie\",\"isPartOf\":{\"@id\":\"https:\/\/ewaldvorberg.de\/homepage\/en\/#website\"},\"datePublished\":\"2018-04-19T16:40:42+00:00\",\"dateModified\":\"2024-08-27T04:43:28+00:00\",\"description\":\"Ich bin Privatperson und f\u00fchre kein Unternehmen\",\"breadcrumb\":{\"@id\":\"https:\/\/ewaldvorberg.de\/homepage\/impressum\/#breadcrumb\"},\"inLanguage\":\"en-GB\",\"potentialAction\":[{\"@type\":\"ReadAction\",\"target\":[\"https:\/\/ewaldvorberg.de\/homepage\/impressum\/\"]}]},{\"@type\":\"BreadcrumbList\",\"@id\":\"https:\/\/ewaldvorberg.de\/homepage\/impressum\/#breadcrumb\",\"itemListElement\":[{\"@type\":\"ListItem\",\"position\":1,\"name\":\"Startseite\",\"item\":\"https:\/\/ewaldvorberg.de\/homepage\/\"},{\"@type\":\"ListItem\",\"position\":2,\"name\":\"Impressum\"}]},{\"@type\":\"WebSite\",\"@id\":\"https:\/\/ewaldvorberg.de\/homepage\/en\/#website\",\"url\":\"https:\/\/ewaldvorberg.de\/homepage\/en\/\",\"name\":\"Ewald Vorberg \u2502 Fotografie\",\"description\":\"Portraits, Landschaften, Still Life\",\"publisher\":{\"@id\":\"https:\/\/ewaldvorberg.de\/homepage\/en\/#\/schema\/person\/5ea84d2cb8cfae5b13b19dc48b9ba7bb\"},\"potentialAction\":[{\"@type\":\"SearchAction\",\"target\":{\"@type\":\"EntryPoint\",\"urlTemplate\":\"https:\/\/ewaldvorberg.de\/homepage\/en\/?s={search_term_string}\"},\"query-input\":{\"@type\":\"PropertyValueSpecification\",\"valueRequired\":true,\"valueName\":\"search_term_string\"}}],\"inLanguage\":\"en-GB\"},{\"@type\":[\"Person\",\"Organization\"],\"@id\":\"https:\/\/ewaldvorberg.de\/homepage\/en\/#\/schema\/person\/5ea84d2cb8cfae5b13b19dc48b9ba7bb\",\"name\":\"ewald\",\"image\":{\"@type\":\"ImageObject\",\"inLanguage\":\"en-GB\",\"@id\":\"https:\/\/ewaldvorberg.de\/homepage\/en\/#\/schema\/person\/image\/\",\"url\":\"https:\/\/secure.gravatar.com\/avatar\/93516028466aa3a156ce57f66b1a67a5?s=96&d=mm&r=g\",\"contentUrl\":\"https:\/\/secure.gravatar.com\/avatar\/93516028466aa3a156ce57f66b1a67a5?s=96&d=mm&r=g\",\"caption\":\"ewald\"},\"logo\":{\"@id\":\"https:\/\/ewaldvorberg.de\/homepage\/en\/#\/schema\/person\/image\/\"}}]}<\/script>\n<!-- \/ Yoast SEO plugin. -->","yoast_head_json":{"title":"Impressum &#187; Ewald Vorberg \u2502 Fotografie","description":"Ich bin Privatperson und f\u00fchre kein Unternehmen","robots":{"index":"noindex","follow":"nofollow"},"og_locale":"en_GB","og_type":"article","og_title":"Impressum &#187; Ewald Vorberg \u2502 Fotografie","og_description":"Ich bin Privatperson und f\u00fchre kein Unternehmen","og_url":"https:\/\/ewaldvorberg.de\/homepage\/en\/impressum\/","og_site_name":"Ewald Vorberg \u2502 Fotografie","article_modified_time":"2024-08-27T04:43:28+00:00","twitter_card":"summary_large_image","twitter_misc":{"Estimated reading time":"2 minutes"},"schema":{"@context":"https:\/\/schema.org","@graph":[{"@type":"WebPage","@id":"https:\/\/ewaldvorberg.de\/homepage\/impressum\/","url":"https:\/\/ewaldvorberg.de\/homepage\/impressum\/","name":"Impressum &#187; Ewald Vorberg \u2502 Fotografie","isPartOf":{"@id":"https:\/\/ewaldvorberg.de\/homepage\/en\/#website"},"datePublished":"2018-04-19T16:40:42+00:00","dateModified":"2024-08-27T04:43:28+00:00","description":"Ich bin Privatperson und f\u00fchre kein Unternehmen","breadcrumb":{"@id":"https:\/\/ewaldvorberg.de\/homepage\/impressum\/#breadcrumb"},"inLanguage":"en-GB","potentialAction":[{"@type":"ReadAction","target":["https:\/\/ewaldvorberg.de\/homepage\/impressum\/"]}]},{"@type":"BreadcrumbList","@id":"https:\/\/ewaldvorberg.de\/homepage\/impressum\/#breadcrumb","itemListElement":[{"@type":"ListItem","position":1,"name":"Startseite","item":"https:\/\/ewaldvorberg.de\/homepage\/"},{"@type":"ListItem","position":2,"name":"Impressum"}]},{"@type":"WebSite","@id":"https:\/\/ewaldvorberg.de\/homepage\/en\/#website","url":"https:\/\/ewaldvorberg.de\/homepage\/en\/","name":"Ewald Vorberg \u2502 Fotografie","description":"Portraits, Landschaften, Still Life","publisher":{"@id":"https:\/\/ewaldvorberg.de\/homepage\/en\/#\/schema\/person\/5ea84d2cb8cfae5b13b19dc48b9ba7bb"},"potentialAction":[{"@type":"SearchAction","target":{"@type":"EntryPoint","urlTemplate":"https:\/\/ewaldvorberg.de\/homepage\/en\/?s={search_term_string}"},"query-input":{"@type":"PropertyValueSpecification","valueRequired":true,"valueName":"search_term_string"}}],"inLanguage":"en-GB"},{"@type":["Person","Organization"],"@id":"https:\/\/ewaldvorberg.de\/homepage\/en\/#\/schema\/person\/5ea84d2cb8cfae5b13b19dc48b9ba7bb","name":"ewald","image":{"@type":"ImageObject","inLanguage":"en-GB","@id":"https:\/\/ewaldvorberg.de\/homepage\/en\/#\/schema\/person\/image\/","url":"https:\/\/secure.gravatar.com\/avatar\/93516028466aa3a156ce57f66b1a67a5?s=96&d=mm&r=g","contentUrl":"https:\/\/secure.gravatar.com\/avatar\/93516028466aa3a156ce57f66b1a67a5?s=96&d=mm&r=g","caption":"ewald"},"logo":{"@id":"https:\/\/ewaldvorberg.de\/homepage\/en\/#\/schema\/person\/image\/"}}]}},"_links":{"self":[{"href":"https:\/\/ewaldvorberg.de\/homepage\/en\/wp-json\/wp\/v2\/pages\/488"}],"collection":[{"href":"https:\/\/ewaldvorberg.de\/homepage\/en\/wp-json\/wp\/v2\/pages"}],"about":[{"href":"https:\/\/ewaldvorberg.de\/homepage\/en\/wp-json\/wp\/v2\/types\/page"}],"author":[{"embeddable":true,"href":"https:\/\/ewaldvorberg.de\/homepage\/en\/wp-json\/wp\/v2\/users\/1"}],"replies":[{"embeddable":true,"href":"https:\/\/ewaldvorberg.de\/homepage\/en\/wp-json\/wp\/v2\/comments?post=488"}],"version-history":[{"count":0,"href":"https:\/\/ewaldvorberg.de\/homepage\/en\/wp-json\/wp\/v2\/pages\/488\/revisions"}],"wp:attachment":[{"href":"https:\/\/ewaldvorberg.de\/homepage\/en\/wp-json\/wp\/v2\/media?parent=488"}],"curies":[{"name":"wp","href":"https:\/\/api.w.org\/{rel}","templated":true}]}}