{"id":380055,"date":"2024-08-22T18:43:06","date_gmt":"2024-08-22T16:43:06","guid":{"rendered":"https:\/\/ewaldvorberg.de\/homepage\/?page_id=380055"},"modified":"2024-09-01T15:22:31","modified_gmt":"2024-09-01T13:22:31","slug":"disclaimer","status":"publish","type":"page","link":"https:\/\/ewaldvorberg.de\/homepage\/disclaimer\/","title":{"rendered":"Disclaimer"},"content":{"rendered":"<p>Ich betriebe meine Webseite auf eigene Kosten und ohne kommerzielles Interesse. Sie enth\u00e4lt weder Affiliate Links noch habe ich kommerzielle Verbindungen zu Herstellern oder Verk\u00e4ufern der Produkte, die in meinen Beitr\u00e4gen erw\u00e4hnt werden. Alle beschriebenen Ger\u00e4te sind mein pers\u00f6nliches Eigentum.<\/p>\n","protected":false},"excerpt":{"rendered":"<p>Ich betriebe meine Webseite auf eigene Kosten und ohne kommerzielles Interesse. Sie enth\u00e4lt weder Affiliate Links noch habe ich kommerzielle Verbindungen zu Herstellern oder Verk\u00e4ufern der Produkte, die in meinen Beitr\u00e4gen erw\u00e4hnt werden. Alle beschriebenen Ger\u00e4te sind mein pers\u00f6nliches Eigentum.<\/p>\n","protected":false},"author":1,"featured_media":0,"parent":0,"menu_order":15,"comment_status":"closed","ping_status":"closed","template":"","meta":{"footnotes":""},"class_list":["post-380055","page","type-page","status-publish","hentry"],"yoast_head":"<!-- This site is optimized with the Yoast SEO plugin v25.3 - https:\/\/yoast.com\/wordpress\/plugins\/seo\/ -->\n<title>Disclaimer &#187; Ewald Vorberg \u2502 Fotografie<\/title>\n<meta name=\"robots\" content=\"noindex, nofollow\" \/>\n<meta property=\"og:locale\" content=\"de_DE\" \/>\n<meta property=\"og:type\" content=\"article\" \/>\n<meta property=\"og:title\" content=\"Disclaimer &#187; Ewald Vorberg \u2502 Fotografie\" \/>\n<meta property=\"og:description\" content=\"Ich betriebe meine Webseite auf eigene Kosten und ohne kommerzielles Interesse. Sie enth\u00e4lt weder Affiliate Links noch habe ich kommerzielle Verbindungen zu Herstellern oder Verk\u00e4ufern der Produkte, die in meinen Beitr\u00e4gen erw\u00e4hnt werden. Alle beschriebenen Ger\u00e4te sind mein pers\u00f6nliches Eigentum.\" \/>\n<meta property=\"og:url\" content=\"https:\/\/ewaldvorberg.de\/homepage\/disclaimer\/\" \/>\n<meta property=\"og:site_name\" content=\"Ewald Vorberg \u2502 Fotografie\" \/>\n<meta property=\"article:modified_time\" content=\"2024-09-01T13:22:31+00:00\" \/>\n<meta name=\"twitter:card\" content=\"summary_large_image\" \/>\n<script type=\"application\/ld+json\" class=\"yoast-schema-graph\">{\"@context\":\"https:\/\/schema.org\",\"@graph\":[{\"@type\":\"WebPage\",\"@id\":\"https:\/\/ewaldvorberg.de\/homepage\/disclaimer\/\",\"url\":\"https:\/\/ewaldvorberg.de\/homepage\/disclaimer\/\",\"name\":\"Disclaimer &#187; Ewald Vorberg \u2502 Fotografie\",\"isPartOf\":{\"@id\":\"https:\/\/ewaldvorberg.de\/homepage\/en\/#website\"},\"datePublished\":\"2024-08-22T16:43:06+00:00\",\"dateModified\":\"2024-09-01T13:22:31+00:00\",\"breadcrumb\":{\"@id\":\"https:\/\/ewaldvorberg.de\/homepage\/disclaimer\/#breadcrumb\"},\"inLanguage\":\"de\",\"potentialAction\":[{\"@type\":\"ReadAction\",\"target\":[\"https:\/\/ewaldvorberg.de\/homepage\/disclaimer\/\"]}]},{\"@type\":\"BreadcrumbList\",\"@id\":\"https:\/\/ewaldvorberg.de\/homepage\/disclaimer\/#breadcrumb\",\"itemListElement\":[{\"@type\":\"ListItem\",\"position\":1,\"name\":\"Startseite\",\"item\":\"https:\/\/ewaldvorberg.de\/homepage\/\"},{\"@type\":\"ListItem\",\"position\":2,\"name\":\"Disclaimer\"}]},{\"@type\":\"WebSite\",\"@id\":\"https:\/\/ewaldvorberg.de\/homepage\/en\/#website\",\"url\":\"https:\/\/ewaldvorberg.de\/homepage\/en\/\",\"name\":\"Ewald Vorberg \u2502 Fotografie\",\"description\":\"Portraits, Landschaften, Still Life\",\"publisher\":{\"@id\":\"https:\/\/ewaldvorberg.de\/homepage\/en\/#\/schema\/person\/5ea84d2cb8cfae5b13b19dc48b9ba7bb\"},\"potentialAction\":[{\"@type\":\"SearchAction\",\"target\":{\"@type\":\"EntryPoint\",\"urlTemplate\":\"https:\/\/ewaldvorberg.de\/homepage\/en\/?s={search_term_string}\"},\"query-input\":{\"@type\":\"PropertyValueSpecification\",\"valueRequired\":true,\"valueName\":\"search_term_string\"}}],\"inLanguage\":\"de\"},{\"@type\":[\"Person\",\"Organization\"],\"@id\":\"https:\/\/ewaldvorberg.de\/homepage\/en\/#\/schema\/person\/5ea84d2cb8cfae5b13b19dc48b9ba7bb\",\"name\":\"ewald\",\"image\":{\"@type\":\"ImageObject\",\"inLanguage\":\"de\",\"@id\":\"https:\/\/ewaldvorberg.de\/homepage\/en\/#\/schema\/person\/image\/\",\"url\":\"https:\/\/secure.gravatar.com\/avatar\/93516028466aa3a156ce57f66b1a67a5?s=96&d=mm&r=g\",\"contentUrl\":\"https:\/\/secure.gravatar.com\/avatar\/93516028466aa3a156ce57f66b1a67a5?s=96&d=mm&r=g\",\"caption\":\"ewald\"},\"logo\":{\"@id\":\"https:\/\/ewaldvorberg.de\/homepage\/en\/#\/schema\/person\/image\/\"}}]}<\/script>\n<!-- \/ Yoast SEO plugin. -->","yoast_head_json":{"title":"Disclaimer &#187; Ewald Vorberg \u2502 Fotografie","robots":{"index":"noindex","follow":"nofollow"},"og_locale":"de_DE","og_type":"article","og_title":"Disclaimer &#187; Ewald Vorberg \u2502 Fotografie","og_description":"Ich betriebe meine Webseite auf eigene Kosten und ohne kommerzielles Interesse. Sie enth\u00e4lt weder Affiliate Links noch habe ich kommerzielle Verbindungen zu Herstellern oder Verk\u00e4ufern der Produkte, die in meinen Beitr\u00e4gen erw\u00e4hnt werden. Alle beschriebenen Ger\u00e4te sind mein pers\u00f6nliches Eigentum.","og_url":"https:\/\/ewaldvorberg.de\/homepage\/disclaimer\/","og_site_name":"Ewald Vorberg \u2502 Fotografie","article_modified_time":"2024-09-01T13:22:31+00:00","twitter_card":"summary_large_image","schema":{"@context":"https:\/\/schema.org","@graph":[{"@type":"WebPage","@id":"https:\/\/ewaldvorberg.de\/homepage\/disclaimer\/","url":"https:\/\/ewaldvorberg.de\/homepage\/disclaimer\/","name":"Disclaimer &#187; Ewald Vorberg \u2502 Fotografie","isPartOf":{"@id":"https:\/\/ewaldvorberg.de\/homepage\/en\/#website"},"datePublished":"2024-08-22T16:43:06+00:00","dateModified":"2024-09-01T13:22:31+00:00","breadcrumb":{"@id":"https:\/\/ewaldvorberg.de\/homepage\/disclaimer\/#breadcrumb"},"inLanguage":"de","potentialAction":[{"@type":"ReadAction","target":["https:\/\/ewaldvorberg.de\/homepage\/disclaimer\/"]}]},{"@type":"BreadcrumbList","@id":"https:\/\/ewaldvorberg.de\/homepage\/disclaimer\/#breadcrumb","itemListElement":[{"@type":"ListItem","position":1,"name":"Startseite","item":"https:\/\/ewaldvorberg.de\/homepage\/"},{"@type":"ListItem","position":2,"name":"Disclaimer"}]},{"@type":"WebSite","@id":"https:\/\/ewaldvorberg.de\/homepage\/en\/#website","url":"https:\/\/ewaldvorberg.de\/homepage\/en\/","name":"Ewald Vorberg \u2502 Fotografie","description":"Portraits, Landschaften, Still Life","publisher":{"@id":"https:\/\/ewaldvorberg.de\/homepage\/en\/#\/schema\/person\/5ea84d2cb8cfae5b13b19dc48b9ba7bb"},"potentialAction":[{"@type":"SearchAction","target":{"@type":"EntryPoint","urlTemplate":"https:\/\/ewaldvorberg.de\/homepage\/en\/?s={search_term_string}"},"query-input":{"@type":"PropertyValueSpecification","valueRequired":true,"valueName":"search_term_string"}}],"inLanguage":"de"},{"@type":["Person","Organization"],"@id":"https:\/\/ewaldvorberg.de\/homepage\/en\/#\/schema\/person\/5ea84d2cb8cfae5b13b19dc48b9ba7bb","name":"ewald","image":{"@type":"ImageObject","inLanguage":"de","@id":"https:\/\/ewaldvorberg.de\/homepage\/en\/#\/schema\/person\/image\/","url":"https:\/\/secure.gravatar.com\/avatar\/93516028466aa3a156ce57f66b1a67a5?s=96&d=mm&r=g","contentUrl":"https:\/\/secure.gravatar.com\/avatar\/93516028466aa3a156ce57f66b1a67a5?s=96&d=mm&r=g","caption":"ewald"},"logo":{"@id":"https:\/\/ewaldvorberg.de\/homepage\/en\/#\/schema\/person\/image\/"}}]}},"_links":{"self":[{"href":"https:\/\/ewaldvorberg.de\/homepage\/wp-json\/wp\/v2\/pages\/380055"}],"collection":[{"href":"https:\/\/ewaldvorberg.de\/homepage\/wp-json\/wp\/v2\/pages"}],"about":[{"href":"https:\/\/ewaldvorberg.de\/homepage\/wp-json\/wp\/v2\/types\/page"}],"author":[{"embeddable":true,"href":"https:\/\/ewaldvorberg.de\/homepage\/wp-json\/wp\/v2\/users\/1"}],"replies":[{"embeddable":true,"href":"https:\/\/ewaldvorberg.de\/homepage\/wp-json\/wp\/v2\/comments?post=380055"}],"version-history":[{"count":0,"href":"https:\/\/ewaldvorberg.de\/homepage\/wp-json\/wp\/v2\/pages\/380055\/revisions"}],"wp:attachment":[{"href":"https:\/\/ewaldvorberg.de\/homepage\/wp-json\/wp\/v2\/media?parent=380055"}],"curies":[{"name":"wp","href":"https:\/\/api.w.org\/{rel}","templated":true}]}}