{"id":416,"date":"2014-09-30T04:49:50","date_gmt":"2014-09-30T04:49:50","guid":{"rendered":"http:\/\/demo.owwwlab.com\/wp-toranj-demo1\/?page_id=416"},"modified":"2021-03-27T17:14:45","modified_gmt":"2021-03-27T16:14:45","slug":"meet-the-team","status":"publish","type":"page","link":"https:\/\/ewaldvorberg.de\/homepage\/meet-the-team\/","title":{"rendered":"\u00dcber mich"},"content":{"rendered":"\t\t<div data-elementor-type=\"wp-page\" data-elementor-id=\"416\" class=\"elementor elementor-416\">\n\t\t\t\t\t\t<section class=\"elementor-section elementor-top-section elementor-element elementor-element-17641313 elementor-section-boxed elementor-section-height-default elementor-section-height-default\" data-id=\"17641313\" data-element_type=\"section\">\n\t\t\t\t\t\t<div class=\"elementor-container elementor-column-gap-default\">\n\t\t\t\t\t<div class=\"elementor-column elementor-col-50 elementor-top-column elementor-element elementor-element-7910593\" data-id=\"7910593\" data-element_type=\"column\">\n\t\t\t<div class=\"elementor-widget-wrap elementor-element-populated\">\n\t\t\t\t\t\t<div class=\"elementor-element elementor-element-d77a192 shadowcore-infocard-layout--horizontal elementor-widget elementor-widget-shadow-info-card\" data-id=\"d77a192\" data-element_type=\"widget\" data-widget_type=\"shadow-info-card.default\">\n\t\t\t\t<div class=\"elementor-widget-container\">\n\t\t\t\t\t<div class=\"shadowcore-service-card\">\n\t\t\t<div class=\"shadowcore-service-card__head\">\n\t\t\t\t<div class=\"shadowcore-service-card__image\">\n\t\t\t\t\t\t\t\t\t\t<div class=\"shadowcore-gallery-image shadowcore-div-image\" data-src=\"https:\/\/ewaldvorberg.de\/homepage\/wp-content\/uploads\/2021\/03\/Profilbild.jpg\">\n\t\t\t\t\t\t<img \n\t\t\t\t\t\t\tsrc=\"data:image\/svg+xml,%3Csvg%20xmlns='http:\/\/www.w3.org\/2000\/svg'%20viewBox='0%200%20512%20512'%3E%3C\/svg%3E\"\n\t\t\t\t\t\t\talt=\"Profilbild\">\n\t\t\t\t\t<\/div>\n\t\t\t\t\t\t\t\t\t<\/div>\n\t\t\t\t<div class=\"shadowcore-service-card__label\">\n\t\t\t\t\t<span>Fotohandwerk<\/span>\n\t\t\t\t\tEwald Vorberg\t\t\t\t\t<span>Fotohandwerk<\/span>\n\t\t\t\t<\/div>\n\t\t\t<\/div><!-- .shadowcore-service-card__head -->\n\t\t\t<div class=\"shadowcore-service-card__content\">\n\t\t\t\tIch habe als Naturwissenschaftler gearbeitet, und die Fotografie ist meine Passion. Mein Ziel ist,  Bilder zu gestalten, die mehr als fl\u00fcchtiges Interesse finden. Dabei will ich es nicht jedem recht machen sondern setze auf Inhalte, die thematisch oder gestalterisch meine Aufmerksamkeit haben. Ich betreibe kein Gewerbe und nehme deshalb keine Auftr\u00e4ge an, aber Sie k\u00f6nnen mich neugierig machen.\t\t\t\t\n\t\t\t\t\t<div class=\"shadowcore-service-card__link\">\n\t\t\t\t\t\t<a href=\"\" target=\"_blank\"  class=\"shadowcore-service-card__link--text\"><\/a>\n\t\t\t\t\t<\/div>\t\t\t<\/div><!-- .shadowcore-service-card__content -->\n\t\t<\/div><!-- .shadowcore-service-card -->\n\t\t\t\t<\/div>\n\t\t\t\t<\/div>\n\t\t\t\t<div class=\"elementor-element elementor-element-7ba8e6e elementor-widget elementor-widget-text-editor\" data-id=\"7ba8e6e\" data-element_type=\"widget\" data-widget_type=\"text-editor.default\">\n\t\t\t\t<div class=\"elementor-widget-container\">\n\t\t\t\t\t\t\t<p>Viele Jahre lang habe ich Eindr\u00fccke fotografisch festgehalten: die Atmosph\u00e4re fremder L\u00e4nder, Landschaften, bemerkenswerte Objekte. Erst vor wenigen Jahren habe ich begonnen, Menschen zu fotografieren, und seitdem ist dies mein Hauptinteresse.<\/p><p>Ich arbeite in meinem eigenen kleinen aber professionell ausgestatteten Fotostudio, an sch\u00f6nen Innen- und Au\u00dfenbereichen oder in der Natur. Mit anderen Menschen aus dem Nichts ein Bild enstehen zu lassen &#8211; das finde ich ebenso herausfordernd wie faszinierend. Wenn es gelingt, ist es f\u00fcr mich ein gl\u00fccklicher Moment.<\/p><p>Ich bin ausgepr\u00e4gter Autodidakt, habe aber f\u00fcr den Einstieg in die Personenfotografie 2009 an Kursen der Fotoakademie Westfalen und zur Erweiterung meiner Kenntnisse 2013 an einem Workshop von Thorsten Jankowski teilgenommen. Seit 2017 habe ich mehrmals mit Rainer Gillessen zusammengearbeitet, von dem man einiges lernen kann.<\/p><p>Anders als die meisten Fotografen betrachte ich mich nicht als K\u00fcnstler sondern als Fotohandwerker. Mein Fotostudio ist auch ein Fotolabor und eine Werkstatt, wo ich Bilder drucken oder analog ausarbeiten und rahmen kann.<\/p><p>Ein ganz herzlicher Dank geht an meine Modelle, mit denen so viele Bilder entstanden sind, die mir sehr am Herzen liegen.<\/p>\t\t\t\t\t\t<\/div>\n\t\t\t\t<\/div>\n\t\t\t\t\t<\/div>\n\t\t<\/div>\n\t\t\t\t<div class=\"elementor-column elementor-col-50 elementor-top-column elementor-element elementor-element-3f37b2db\" data-id=\"3f37b2db\" data-element_type=\"column\">\n\t\t\t<div class=\"elementor-widget-wrap elementor-element-populated\">\n\t\t\t\t\t\t\t<\/div>\n\t\t<\/div>\n\t\t\t\t\t<\/div>\n\t\t<\/section>\n\t\t\t\t<\/div>\n\t\t","protected":false},"excerpt":{"rendered":"<p>Fotohandwerk Ewald Vorberg Fotohandwerk Ich habe als Naturwissenschaftler gearbeitet, und die Fotografie ist meine Passion. Mein Ziel ist, Bilder zu gestalten, die mehr als fl\u00fcchtiges Interesse finden. Dabei will ich es nicht jedem recht machen sondern setze auf Inhalte, die thematisch oder gestalterisch meine Aufmerksamkeit haben. Ich betreibe kein Gewerbe und nehme deshalb keine Auftr\u00e4ge&#8230;<\/p>\n","protected":false},"author":1,"featured_media":0,"parent":0,"menu_order":7,"comment_status":"open","ping_status":"open","template":"","meta":{"footnotes":""},"class_list":["post-416","page","type-page","status-publish","hentry"],"yoast_head":"<!-- This site is optimized with the Yoast SEO plugin v25.3 - https:\/\/yoast.com\/wordpress\/plugins\/seo\/ -->\n<title>Mein fotografischer Werdegang und meine Ziele<\/title>\n<meta name=\"description\" content=\"Mein fotografischer Werdegang und meine Ziele.\" \/>\n<meta name=\"robots\" content=\"index, follow, max-snippet:-1, max-image-preview:large, max-video-preview:-1\" \/>\n<link rel=\"canonical\" href=\"https:\/\/ewaldvorberg.de\/homepage\/meet-the-team\/\" \/>\n<meta property=\"og:locale\" content=\"de_DE\" \/>\n<meta property=\"og:type\" content=\"article\" \/>\n<meta property=\"og:title\" content=\"Mein fotografischer Werdegang und meine Ziele\" \/>\n<meta property=\"og:description\" content=\"Mein fotografischer Werdegang und meine Ziele.\" \/>\n<meta property=\"og:url\" content=\"https:\/\/ewaldvorberg.de\/homepage\/meet-the-team\/\" \/>\n<meta property=\"og:site_name\" content=\"Ewald Vorberg \u2502 Fotografie\" \/>\n<meta property=\"article:modified_time\" content=\"2021-03-27T16:14:45+00:00\" \/>\n<meta property=\"og:image\" content=\"https:\/\/ewaldvorberg.de\/homepage\/wp-content\/uploads\/2021\/03\/Profilbild-960x960.jpg\" \/>\n<meta name=\"twitter:card\" content=\"summary_large_image\" \/>\n<meta name=\"twitter:label1\" content=\"Gesch\u00e4tzte Lesezeit\" \/>\n\t<meta name=\"twitter:data1\" content=\"2\u00a0Minuten\" \/>\n<script type=\"application\/ld+json\" class=\"yoast-schema-graph\">{\"@context\":\"https:\/\/schema.org\",\"@graph\":[{\"@type\":\"WebPage\",\"@id\":\"https:\/\/ewaldvorberg.de\/homepage\/meet-the-team\/\",\"url\":\"https:\/\/ewaldvorberg.de\/homepage\/meet-the-team\/\",\"name\":\"Mein fotografischer Werdegang und meine Ziele\",\"isPartOf\":{\"@id\":\"https:\/\/ewaldvorberg.de\/homepage\/en\/#website\"},\"primaryImageOfPage\":{\"@id\":\"https:\/\/ewaldvorberg.de\/homepage\/meet-the-team\/#primaryimage\"},\"image\":{\"@id\":\"https:\/\/ewaldvorberg.de\/homepage\/meet-the-team\/#primaryimage\"},\"thumbnailUrl\":\"https:\/\/ewaldvorberg.de\/homepage\/wp-content\/uploads\/2021\/03\/Profilbild-960x960.jpg\",\"datePublished\":\"2014-09-30T04:49:50+00:00\",\"dateModified\":\"2021-03-27T16:14:45+00:00\",\"description\":\"Mein fotografischer Werdegang und meine Ziele.\",\"breadcrumb\":{\"@id\":\"https:\/\/ewaldvorberg.de\/homepage\/meet-the-team\/#breadcrumb\"},\"inLanguage\":\"de\",\"potentialAction\":[{\"@type\":\"ReadAction\",\"target\":[\"https:\/\/ewaldvorberg.de\/homepage\/meet-the-team\/\"]}]},{\"@type\":\"ImageObject\",\"inLanguage\":\"de\",\"@id\":\"https:\/\/ewaldvorberg.de\/homepage\/meet-the-team\/#primaryimage\",\"url\":\"https:\/\/ewaldvorberg.de\/homepage\/wp-content\/uploads\/2021\/03\/Profilbild.jpg\",\"contentUrl\":\"https:\/\/ewaldvorberg.de\/homepage\/wp-content\/uploads\/2021\/03\/Profilbild.jpg\",\"width\":600,\"height\":600,\"caption\":\"Profilbild\"},{\"@type\":\"BreadcrumbList\",\"@id\":\"https:\/\/ewaldvorberg.de\/homepage\/meet-the-team\/#breadcrumb\",\"itemListElement\":[{\"@type\":\"ListItem\",\"position\":1,\"name\":\"Startseite\",\"item\":\"https:\/\/ewaldvorberg.de\/homepage\/\"},{\"@type\":\"ListItem\",\"position\":2,\"name\":\"\u00dcber mich\"}]},{\"@type\":\"WebSite\",\"@id\":\"https:\/\/ewaldvorberg.de\/homepage\/en\/#website\",\"url\":\"https:\/\/ewaldvorberg.de\/homepage\/en\/\",\"name\":\"Ewald Vorberg \u2502 Fotografie\",\"description\":\"Portraits, Landschaften, Still Life\",\"publisher\":{\"@id\":\"https:\/\/ewaldvorberg.de\/homepage\/en\/#\/schema\/person\/5ea84d2cb8cfae5b13b19dc48b9ba7bb\"},\"potentialAction\":[{\"@type\":\"SearchAction\",\"target\":{\"@type\":\"EntryPoint\",\"urlTemplate\":\"https:\/\/ewaldvorberg.de\/homepage\/en\/?s={search_term_string}\"},\"query-input\":{\"@type\":\"PropertyValueSpecification\",\"valueRequired\":true,\"valueName\":\"search_term_string\"}}],\"inLanguage\":\"de\"},{\"@type\":[\"Person\",\"Organization\"],\"@id\":\"https:\/\/ewaldvorberg.de\/homepage\/en\/#\/schema\/person\/5ea84d2cb8cfae5b13b19dc48b9ba7bb\",\"name\":\"ewald\",\"image\":{\"@type\":\"ImageObject\",\"inLanguage\":\"de\",\"@id\":\"https:\/\/ewaldvorberg.de\/homepage\/en\/#\/schema\/person\/image\/\",\"url\":\"https:\/\/secure.gravatar.com\/avatar\/93516028466aa3a156ce57f66b1a67a5?s=96&d=mm&r=g\",\"contentUrl\":\"https:\/\/secure.gravatar.com\/avatar\/93516028466aa3a156ce57f66b1a67a5?s=96&d=mm&r=g\",\"caption\":\"ewald\"},\"logo\":{\"@id\":\"https:\/\/ewaldvorberg.de\/homepage\/en\/#\/schema\/person\/image\/\"}}]}<\/script>\n<!-- \/ Yoast SEO plugin. -->","yoast_head_json":{"title":"Mein fotografischer Werdegang und meine Ziele","description":"Mein fotografischer Werdegang und meine Ziele.","robots":{"index":"index","follow":"follow","max-snippet":"max-snippet:-1","max-image-preview":"max-image-preview:large","max-video-preview":"max-video-preview:-1"},"canonical":"https:\/\/ewaldvorberg.de\/homepage\/meet-the-team\/","og_locale":"de_DE","og_type":"article","og_title":"Mein fotografischer Werdegang und meine Ziele","og_description":"Mein fotografischer Werdegang und meine Ziele.","og_url":"https:\/\/ewaldvorberg.de\/homepage\/meet-the-team\/","og_site_name":"Ewald Vorberg \u2502 Fotografie","article_modified_time":"2021-03-27T16:14:45+00:00","og_image":[{"url":"https:\/\/ewaldvorberg.de\/homepage\/wp-content\/uploads\/2021\/03\/Profilbild-960x960.jpg","type":"","width":"","height":""}],"twitter_card":"summary_large_image","twitter_misc":{"Gesch\u00e4tzte Lesezeit":"2\u00a0Minuten"},"schema":{"@context":"https:\/\/schema.org","@graph":[{"@type":"WebPage","@id":"https:\/\/ewaldvorberg.de\/homepage\/meet-the-team\/","url":"https:\/\/ewaldvorberg.de\/homepage\/meet-the-team\/","name":"Mein fotografischer Werdegang und meine Ziele","isPartOf":{"@id":"https:\/\/ewaldvorberg.de\/homepage\/en\/#website"},"primaryImageOfPage":{"@id":"https:\/\/ewaldvorberg.de\/homepage\/meet-the-team\/#primaryimage"},"image":{"@id":"https:\/\/ewaldvorberg.de\/homepage\/meet-the-team\/#primaryimage"},"thumbnailUrl":"https:\/\/ewaldvorberg.de\/homepage\/wp-content\/uploads\/2021\/03\/Profilbild-960x960.jpg","datePublished":"2014-09-30T04:49:50+00:00","dateModified":"2021-03-27T16:14:45+00:00","description":"Mein fotografischer Werdegang und meine Ziele.","breadcrumb":{"@id":"https:\/\/ewaldvorberg.de\/homepage\/meet-the-team\/#breadcrumb"},"inLanguage":"de","potentialAction":[{"@type":"ReadAction","target":["https:\/\/ewaldvorberg.de\/homepage\/meet-the-team\/"]}]},{"@type":"ImageObject","inLanguage":"de","@id":"https:\/\/ewaldvorberg.de\/homepage\/meet-the-team\/#primaryimage","url":"https:\/\/ewaldvorberg.de\/homepage\/wp-content\/uploads\/2021\/03\/Profilbild.jpg","contentUrl":"https:\/\/ewaldvorberg.de\/homepage\/wp-content\/uploads\/2021\/03\/Profilbild.jpg","width":600,"height":600,"caption":"Profilbild"},{"@type":"BreadcrumbList","@id":"https:\/\/ewaldvorberg.de\/homepage\/meet-the-team\/#breadcrumb","itemListElement":[{"@type":"ListItem","position":1,"name":"Startseite","item":"https:\/\/ewaldvorberg.de\/homepage\/"},{"@type":"ListItem","position":2,"name":"\u00dcber mich"}]},{"@type":"WebSite","@id":"https:\/\/ewaldvorberg.de\/homepage\/en\/#website","url":"https:\/\/ewaldvorberg.de\/homepage\/en\/","name":"Ewald Vorberg \u2502 Fotografie","description":"Portraits, Landschaften, Still Life","publisher":{"@id":"https:\/\/ewaldvorberg.de\/homepage\/en\/#\/schema\/person\/5ea84d2cb8cfae5b13b19dc48b9ba7bb"},"potentialAction":[{"@type":"SearchAction","target":{"@type":"EntryPoint","urlTemplate":"https:\/\/ewaldvorberg.de\/homepage\/en\/?s={search_term_string}"},"query-input":{"@type":"PropertyValueSpecification","valueRequired":true,"valueName":"search_term_string"}}],"inLanguage":"de"},{"@type":["Person","Organization"],"@id":"https:\/\/ewaldvorberg.de\/homepage\/en\/#\/schema\/person\/5ea84d2cb8cfae5b13b19dc48b9ba7bb","name":"ewald","image":{"@type":"ImageObject","inLanguage":"de","@id":"https:\/\/ewaldvorberg.de\/homepage\/en\/#\/schema\/person\/image\/","url":"https:\/\/secure.gravatar.com\/avatar\/93516028466aa3a156ce57f66b1a67a5?s=96&d=mm&r=g","contentUrl":"https:\/\/secure.gravatar.com\/avatar\/93516028466aa3a156ce57f66b1a67a5?s=96&d=mm&r=g","caption":"ewald"},"logo":{"@id":"https:\/\/ewaldvorberg.de\/homepage\/en\/#\/schema\/person\/image\/"}}]}},"_links":{"self":[{"href":"https:\/\/ewaldvorberg.de\/homepage\/wp-json\/wp\/v2\/pages\/416"}],"collection":[{"href":"https:\/\/ewaldvorberg.de\/homepage\/wp-json\/wp\/v2\/pages"}],"about":[{"href":"https:\/\/ewaldvorberg.de\/homepage\/wp-json\/wp\/v2\/types\/page"}],"author":[{"embeddable":true,"href":"https:\/\/ewaldvorberg.de\/homepage\/wp-json\/wp\/v2\/users\/1"}],"replies":[{"embeddable":true,"href":"https:\/\/ewaldvorberg.de\/homepage\/wp-json\/wp\/v2\/comments?post=416"}],"version-history":[{"count":0,"href":"https:\/\/ewaldvorberg.de\/homepage\/wp-json\/wp\/v2\/pages\/416\/revisions"}],"wp:attachment":[{"href":"https:\/\/ewaldvorberg.de\/homepage\/wp-json\/wp\/v2\/media?parent=416"}],"curies":[{"name":"wp","href":"https:\/\/api.w.org\/{rel}","templated":true}]}}