{"id":4931,"date":"2020-07-14T10:12:44","date_gmt":"2020-07-14T08:12:44","guid":{"rendered":"https:\/\/ewaldvorberg.de\/homepage\/?page_id=4931"},"modified":"2024-09-08T09:51:38","modified_gmt":"2024-09-08T07:51:38","slug":"datenschutzerklaerung","status":"publish","type":"page","link":"https:\/\/ewaldvorberg.de\/homepage\/datenschutzerklaerung\/","title":{"rendered":"Datenschutzerkl\u00e4rung"},"content":{"rendered":"<h2><b>Datenschutzerkl\u00e4rung<\/b><\/h2>\n<h3><b>Wer ich bin<\/b><\/h3>\n<p>Die Adresse meiner Webseite ist: https:\/\/ewaldvorberg.de\/homepage.<\/p>\n<p>Diese Webseite wird betrieben von:<br \/>\nEwald Vorberg<br \/>\nR\u00f6tebuckweg 9<br \/>\nD-79104 Freiburg im Breisgau<br \/>\nE-mail: <a href=\"mailto:info@ewaldvorberg.de\">info@ewaldvorberg.de<\/a><br \/>\nTelefon: +4915152290476<\/p>\n<h3><b>Pr\u00e4ambel<\/b><\/h3>\n<p>Ich betreibe diese Webseite, um Sie an meiner Fotografie teilhaben zu lassen &#8211; nichts anderes. Ihre personenbezogenen Daten sammle ich nur dann, wenn ich ein berechtigtes Interesse daran habe.<br \/>\nIch bin kein Bef\u00fcrworter von B\u00fcrokratie, aber beim Datenschutz schl\u00e4gt sie erbarmungslos zu. Sie ist nicht nur ein fruchtbares Feld f\u00fcr Abmahnenkanzleien sondern vor allem ein wirksamer Schutz f\u00fcr Hacker. Ich darf n\u00e4mlich nicht herausfinden, wer meine Webseite zu knacken versucht &#8211; ich sehe nur, dass es t\u00e4glich geschieht. Einmal bin ich schon massiv hereingefallen, und zwar ausgerechnet durch eine offene T\u00fcr in einem Plug-in, das der DSGVO (die Datenschutzgrundverordnung &#8211; welch sch\u00f6nes Wort) zugeordnet war.<br \/>\nIch bitte um Verst\u00e4ndnis daf\u00fcr, dass ich ein legitimes Interesse beanspruche, Hackerangriffe identifiziert und unterbinden zu k\u00f6nnen.<span class=\"Apple-converted-space\"><br \/>\n<\/span>Die Kommentare zu meinen Beitr\u00e4gen sind fast ausnahmslos Spam. Auch hier bitte ich um Verst\u00e4ndnis daf\u00fcr, dass ich ein legitimes Interesse daf\u00fcr beanspruche, das unterbinden zu k\u00f6nnen. Damit Sie nachvollziehen k\u00f6nnen, warum ich diese Pr\u00fcfung vornehme, sehen Sie sich bitte den Spam-Z\u00e4hler bei Akismet an: <a href=\"https:\/\/akismet.com\/\">https:\/\/akismet.com\/<\/a><a href=\"https:\/\/akismet.com\/de\/\">. de\/<\/a><br \/>\nIhre Daten interessieren mich nur denn, wenn Sie mir einen Kommentar oder eine Nachricht schreiben wollen. Auch daf\u00fcr muss ich spezielle Ma\u00dfnahmen treffen. Die DSGVO w\u00fcrde sonst n\u00e4mlich verlangen, dass ich Ihre Nachricht weder lesen kann noch wissen darf, wer mir etwas schreiben wollte.<span class=\"Apple-converted-space\"><br \/>\n<\/span>Ich freue mich dar\u00fcber, wenn Sie sich auf meiner Webseite \u00fcber meine Fotografie informieren und mir trotz aller B\u00fcrokratie etwas schreiben m\u00f6chten.<span class=\"Apple-converted-space\">\u00a0<\/span><\/p>\n<h3><b>Welche personenbezogenen Daten ich sammle und warum ich sie sammle<\/b><\/h3>\n<p>Ich sammle Ihre personenbezogenen Daten nur dann, wenn Sie mir einen Kommentar schreiben, wenn Sie versuchen, eine nicht existierende Datei aus dem internen Verzeichnis meiner Webseite aufzurufen (404 error) oder wenn Sie sich ohne Autorisierung anzumelden versuchen.<br \/>\nDie Daten f\u00fcr Kommentare sammle ich, weil ich ein berechtigtes Interesse daran habe, zu sehen was Sie mir schreiben und wer es geschrieben hat.<br \/>\nBeim versuchten Aufruf nicht existierender Daten auf meinem Webseitenbereich sammle ich Ihre Daten, weil ich ein berechtigtes Interesse daran habe, Hackerangriffe zu erkennen und dem gegebenenfalls entgegenwirken zu k\u00f6nnen sowie Fehler in meiner Webseite beheben zu k\u00f6nnen.<\/p>\n<h3><b>Kommentare<\/b><\/h3>\n<p>Wenn Sie Kommentare auf der Webseite schreiben, sammele ich die Daten, die im Kommentar-Formular angezeigt werden, au\u00dferdem die IP-Adresse des Besuchers und den User-Agent-String (damit wird der Browser identifiziert), um die Erkennung von Spam zu unterst\u00fctzen. Bevor Sie mir einen Kommentar oder eine Nachricht schicken k\u00f6nnen, m\u00fcssen Sie einer \u00dcbertragung Ihrer Daten an Akismet zur Pr\u00fcfung auf Spam-Inhalte einwilligen. Die Datenschutzerkl\u00e4rung von Akismet finden Sie hier: <a href=\"https:\/\/akismet.com\/de\/datenschutz\/\">https:\/\/akismet.com\/de\/datenschutz\/<\/a>.<span class=\"Apple-converted-space\"><br \/>\n<\/span>Aus Ihrer E-Mail-Adresse kann eine anonymisierte Zeichenfolge erstellt (auch Hash genannt) und dem Gravatar-Dienst \u00fcbergeben werden, um zu pr\u00fcfen, ob Sie diesen benutzt. Die Datenschutzerkl\u00e4rung des Gravatar-Dienstes finden Sie hier: https:\/\/automattic.com\/privacy\/. Nachdem dein Kommentar freigegeben wurde, ist dein Profilbild \u00f6ffentlich im Kontext deines Kommentars sichtbar.<\/p>\n<h3><b>Medien<\/b><\/h3>\n<p>Ich sammle keine personenbezogenen Daten beim Hochladen von Medien, zumal ich das Hochladen gar nicht erm\u00f6gliche.<\/p>\n<h3><b>Kontaktformulare<\/b><\/h3>\n<p>Wenn Sie mein Kontaktformular benutzen, gilt daf\u00fcr das gleiche wie beim Schreiben eines Kommentars, ausser das der Inhalt Ihrer Nachricht nicht ver\u00f6ffentlicht wird und auch nicht, dass Sie mir geschrieben haben.<\/p>\n<h3><b>Cookies<\/b><\/h3>\n<p>Haben Sie es bemerkt? Beim Besuch meiner Webseite gab es keine Cookie-Warnung &#8211; weil es keins gibt. Erst wenn Sie einen Kommentar oder eine Nachricht auf meiner Website schreiben, kann das eine Einwilligung sein, Ihren Namen, E-Mail-Adresse und Webseite in Cookies zu speichern. Die \u00dcbermittlung erfolgt erst, wenn Sie einem Cookie zugestimmt haben. Dies ist eine Komfortfunktion, damit Sie nicht, wenn Sie einen weiteren Kommentar schreiben, all diese Daten erneut eingeben musst. Diese Cookies werden ein Jahr lang gespeichert, aber Sie k\u00f6nnen sie jederzeit l\u00f6schen.<\/p>\n<h3><b>Analysedienste<\/b><\/h3>\n<p>Ich verwende keinen Analysedienst, der personenbezogene Daten speichert oder auswertet.<\/p>\n<h3><b>Eingebettete Inhalte von anderen Webseiten<\/b><\/h3>\n<p>Meine Webseite enth\u00e4lt keine Inhalte von anderen Webseiten. Wenn Sie einen externen Link anklicken, liegt die besuchte Webseite ausserhalb meines Verantwortungsbereichs.<\/p>\n<h3><b>Mit wem ich Ihre Daten teile<\/b><\/h3>\n<p>Wenn Sie mir einen Kommentar oder eine Nachricht schreiben, willigen Sie einer \u00dcbertragung Ihrer Daten an Akismet zur Pr\u00fcfung auf Spam-Inhalte zu. Dem m\u00fcssen Sie vor dem Versand explizit zustimmen.<\/p>\n<h3><b>Wie lange ich Ihre Daten speichere<\/b><\/h3>\n<p>Wenn Sie einen Kommentar schreiben, wird dieser inklusive Metadaten zeitlich unbegrenzt gespeichert. Auf diese Art kann ich ihn auf meiner Internetseite sichtbar machen und dort belassen.<br \/>\nGespeicherte Daten von WP 301 Redirects werden alle 8 Tage automatisch gel\u00f6scht.<\/p>\n<h3><b>Welche Rechte Sie an Ihren Daten haben<\/b><\/h3>\n<p>Wenn Sie Kommentare geschrieben haben, k\u00f6nnen Sie einen Export Ihrer personenbezogenen Daten bei mir anfordern, inklusive aller Daten, Sie mir mitgeteilt haben. Dar\u00fcber hinaus k\u00f6nnen Sie die L\u00f6schung aller personenbezogenen Daten, die ich von Ihnen gespeichert habe, anfordern. Dies umfasst nicht die Daten, die ich aufgrund administrativer, rechtlicher oder sicherheitsrelevanter Notwendigkeiten aufbewahren muss.<br \/>\nWenn Sie versucht haben, nicht existierende Seiten aufzurufen, k\u00f6nnen Sie innerhalb der Speicherdauer einen Export Ihrer personenbezogenen Daten und deren L\u00f6schung bei mir anfordern.<\/p>\n<h3><b>Wohin Ihre Daten gesendet werden<\/b><\/h3>\n<h4><b>Webhosting<\/b><\/h4>\n<p>Meine Internetseite wird gehostet von:<br \/>\nSTRATO AG<br \/>\nOtto-Ostrowski-Stra\u00dfe 7<br \/>\n10249 Berlin<br \/>\nStrato erhebt und speichert pers\u00f6nliche Daten, die zum Betrieb meiner Webseite notwendig sind. F\u00fcr Besucher meiner Webseite werden Log-Daten erhoben und gespeichert: Kunden-Domain, Anonymisierte Client-IP, Request-Zeile, Timestamp, Status Code, Gr\u00f6\u00dfe des Response Bodies, Referer, der vom Client gesendet wurde, User Agent, der vom Client gesendet wurde, Remote User. Zur Erkennung von Angriffen speichert Strato nicht anonymisierte IP-Adressen maximal sieben Tage. Danach werden sie unwiderruflich anonymisiert. Kunden k\u00f6nnen IP-Adressen jedoch ausschlie\u00dflich und dauerhaft anonymisiert einsehen. Strato st\u00fctzt<span class=\"Apple-converted-space\">\u00a0 <\/span>sich dabei auf die Rechtsgrundlage der berechtigten Interessen, Art. 6 Abs. 1 lit. f DSGVO.<br \/>\nDie Datenschutzerkl\u00e4rung von Strato finden Sie hier: <a href=\"https:\/\/www.strato.de\/datenschutz\/\">https:\/\/www.strato.de\/datenschutz\/<\/a><\/p>\n<h4><b>Akismet<\/b><\/h4>\n<p>Akismet sammelt Informationen \u00fcber Besucher, die Kommentare oder Nachrichten auf Websites hinterlassen, die den Anti-Spam-Service von Akismet verwenden. Akismet sammelt<span class=\"Apple-converted-space\">\u00a0 <\/span>die IP-Adresse des Kommentarverfassers, den User Agent, den Referrer und die URL der Website (erg\u00e4nzt durch Informationen, die direkt vom Verfasser des Kommentars bereitgestellt werden, also z.\u00a0B. Name, Benutzername, E-Mail-Adresse und der Kommentar selbst).<br \/>\nDie Webseite von Akismet finden Sie hier: <a href=\"https:\/\/akismet.com\/de\/\">https:\/\/akismet.com\/de\/<\/a><br \/>\nDie Datenschutzerkl\u00e4rung von Akismet finden Sie hier: <a href=\"https:\/\/akismet.com\/de\/datenschutz\/\">https:\/\/akismet.com\/de\/datenschutz\/<\/a><\/p>\n<h4><b>Google Web Fonts<\/b><\/h4>\n<p>Google Web Fonts sind ein von Google bereitgestellter Dienst. Durch die Nutzung erf\u00e4hrt Google, dass diese Website \u00fcber Ihre IP-Adresse aufgerufen wurde. Ich beanspruche ein berechtigtes Interesse an der Nutzung dieses Dienstes zur einheitlichen Darstellung meiner Webseite.<br \/>\nDie Webseite von Google finden Sie hier:<br \/>\nGoogle Ireland Limited<br \/>\nGordon House, Barrow Street<br \/>\nDublin 4<br \/>\nIrland<br \/>\n<a href=\"https:\/\/www.google.de\/contact\/impressum.html\">https:\/\/www.google.de\/contact\/impressum.html<\/a><br \/>\nDie Datenschutzerkl\u00e4rung zu den Diensten von Google finden Sie hier: <a href=\"https:\/\/policies.google.com\/privacy?hl=de\">https:\/\/policies.google.com\/privacy?hl=de<\/a><\/p>\n<h4><b>WP 301 Redirects<\/b><\/h4>\n<p>WP 301 Redirects ist ein WordPress plugin, das der Analyse und Umleitung von fehlerhaften Aufrufen auf meiner Webseite dient. Das Plugin speichert bei solchen Aufrufen Ihre IP-Adresse f\u00fcr eine begrenzte Zeit ausschlie\u00dflich lokal in meinem Webseitenbereich.<span class=\"Apple-converted-space\"><br \/>\n<\/span>Ich beanspruche das legitime Interesse, die daf\u00fcr erhobenen Daten einschlie\u00dflich Ihrer IP-Adresse f\u00fcr die Identifikation von Hackerangriffen und f\u00fcr die Behebung von fehlerhaften Funktion meiner Webseite zu nutzen.<br \/>\nWP 301 Redirects ist ein Plugin von WebFactoryLtd mit Sitz in Europa:<br \/>\nWebFactory Ltd<br \/>\nS. Batusica 5<br \/>\n10090 Zagreb<br \/>\nCroatia<br \/>\n<a href=\"https:\/\/www.webfactoryltd.com\/about\/\">https:\/\/www.webfactoryltd.com\/about\/<\/a><\/p>\n<p>Diese Firma unterliegt somit den europ\u00e4ischen Datenschutzvorschriften.<br \/>\nInformationen \u00fcber das plugin WP 301 Redirects finden Sie hier: <a href=\"https:\/\/wp301redirects.com\">https:\/\/wp301redirects.com<\/a><\/p>\n<h3><b>Kontaktinformationen<\/b><\/h3>\n<p>Siehe \u201eWer ich bin\u201c<\/p>\n<h3><b>Wie ich Ihre Daten sch\u00fctze<\/b><\/h3>\n<p>Ih sch\u00fctze Ihre Daten, indem ich sie nur in bei berechtigtem Interesse erhebe. Die erhobenen Daten befinden sich in einem gesch\u00fctzten Bereich, der nur von mir ausgewertet wird und nicht an andere weitergeleitet wird. So weit nicht f\u00fcr Kommentare erforderlich, werden sie in regelm\u00e4\u00dfigen Abst\u00e4nden gel\u00f6scht.<span class=\"Apple-converted-space\">\u00a0<\/span><\/p>\n<h3><b>Welche Ma\u00dfnahmen ich bei Datenschutzverletzungem anbiete<\/b><\/h3>\n<p>Ich schule mich st\u00e4ndig bez\u00fcglich Datenschutz weiter. Das ist mir neben der Fotografie ein zentrales aber bodenloses Anliegen.<\/p>\n<h3><b>Von welchem Drittanbieter ich Daten erhalte<\/b><\/h3>\n<p>Ich erhalte keine Daten von einem Drittanbieter.<\/p>\n<h3><b>Welche automatisierte Entscheidungsfindung und\/oder Profilerstellung ich mit Benutzerdaten durchf\u00fchre<\/b><\/h3>\n<p>Ich f\u00fchre keine automatisierte Entscheidungsfindung oder Profilerstellung mit Benutzerdaten durch.<\/p>\n<h3><b>Postscriptum<\/b><\/h3>\n<p>Ist das nicht wunderbare Prosa? Den B\u00fcrokraten sei Dank.<\/p>\n","protected":false},"excerpt":{"rendered":"<p>Datenschutzerkl\u00e4rung Wer ich bin Die Adresse meiner Webseite ist: https:\/\/ewaldvorberg.de\/homepage. Diese Webseite wird betrieben von: Ewald Vorberg R\u00f6tebuckweg 9 D-79104 Freiburg im Breisgau E-mail: info@ewaldvorberg.de Telefon: +4915152290476 Pr\u00e4ambel Ich betreibe diese Webseite, um Sie an meiner Fotografie teilhaben zu lassen &#8211; nichts anderes. Ihre personenbezogenen Daten sammle ich nur dann, wenn ich ein berechtigtes Interesse&#8230;<\/p>\n","protected":false},"author":1,"featured_media":0,"parent":0,"menu_order":60,"comment_status":"closed","ping_status":"closed","template":"","meta":{"footnotes":""},"class_list":["post-4931","page","type-page","status-publish","hentry"],"yoast_head":"<!-- This site is optimized with the Yoast SEO plugin v25.3 - https:\/\/yoast.com\/wordpress\/plugins\/seo\/ -->\n<title>Datenschutzerkl\u00e4rung &#187; Ewald Vorberg \u2502 Fotografie<\/title>\n<meta name=\"robots\" content=\"noindex, nofollow\" \/>\n<meta property=\"og:locale\" content=\"de_DE\" \/>\n<meta property=\"og:type\" content=\"article\" \/>\n<meta property=\"og:title\" content=\"Datenschutzerkl\u00e4rung &#187; Ewald Vorberg \u2502 Fotografie\" \/>\n<meta property=\"og:description\" content=\"Datenschutzerkl\u00e4rung Wer ich bin Die Adresse meiner Webseite ist: https:\/\/ewaldvorberg.de\/homepage. Diese Webseite wird betrieben von: Ewald Vorberg R\u00f6tebuckweg 9 D-79104 Freiburg im Breisgau E-mail: info@ewaldvorberg.de Telefon: +4915152290476 Pr\u00e4ambel Ich betreibe diese Webseite, um Sie an meiner Fotografie teilhaben zu lassen &#8211; nichts anderes. Ihre personenbezogenen Daten sammle ich nur dann, wenn ich ein berechtigtes Interesse...\" \/>\n<meta property=\"og:url\" content=\"https:\/\/ewaldvorberg.de\/homepage\/datenschutzerklaerung\/\" \/>\n<meta property=\"og:site_name\" content=\"Ewald Vorberg \u2502 Fotografie\" \/>\n<meta property=\"article:modified_time\" content=\"2024-09-08T07:51:38+00:00\" \/>\n<meta name=\"twitter:card\" content=\"summary_large_image\" \/>\n<meta name=\"twitter:label1\" content=\"Gesch\u00e4tzte Lesezeit\" \/>\n\t<meta name=\"twitter:data1\" content=\"7\u00a0Minuten\" \/>\n<script type=\"application\/ld+json\" class=\"yoast-schema-graph\">{\"@context\":\"https:\/\/schema.org\",\"@graph\":[{\"@type\":\"WebPage\",\"@id\":\"https:\/\/ewaldvorberg.de\/homepage\/datenschutzerklaerung\/\",\"url\":\"https:\/\/ewaldvorberg.de\/homepage\/datenschutzerklaerung\/\",\"name\":\"Datenschutzerkl\u00e4rung &#187; Ewald Vorberg \u2502 Fotografie\",\"isPartOf\":{\"@id\":\"https:\/\/ewaldvorberg.de\/homepage\/en\/#website\"},\"datePublished\":\"2020-07-14T08:12:44+00:00\",\"dateModified\":\"2024-09-08T07:51:38+00:00\",\"breadcrumb\":{\"@id\":\"https:\/\/ewaldvorberg.de\/homepage\/datenschutzerklaerung\/#breadcrumb\"},\"inLanguage\":\"de\",\"potentialAction\":[{\"@type\":\"ReadAction\",\"target\":[\"https:\/\/ewaldvorberg.de\/homepage\/datenschutzerklaerung\/\"]}]},{\"@type\":\"BreadcrumbList\",\"@id\":\"https:\/\/ewaldvorberg.de\/homepage\/datenschutzerklaerung\/#breadcrumb\",\"itemListElement\":[{\"@type\":\"ListItem\",\"position\":1,\"name\":\"Startseite\",\"item\":\"https:\/\/ewaldvorberg.de\/homepage\/\"},{\"@type\":\"ListItem\",\"position\":2,\"name\":\"Datenschutzerkl\u00e4rung\"}]},{\"@type\":\"WebSite\",\"@id\":\"https:\/\/ewaldvorberg.de\/homepage\/en\/#website\",\"url\":\"https:\/\/ewaldvorberg.de\/homepage\/en\/\",\"name\":\"Ewald Vorberg \u2502 Fotografie\",\"description\":\"Portraits, Landschaften, Still Life\",\"publisher\":{\"@id\":\"https:\/\/ewaldvorberg.de\/homepage\/en\/#\/schema\/person\/5ea84d2cb8cfae5b13b19dc48b9ba7bb\"},\"potentialAction\":[{\"@type\":\"SearchAction\",\"target\":{\"@type\":\"EntryPoint\",\"urlTemplate\":\"https:\/\/ewaldvorberg.de\/homepage\/en\/?s={search_term_string}\"},\"query-input\":{\"@type\":\"PropertyValueSpecification\",\"valueRequired\":true,\"valueName\":\"search_term_string\"}}],\"inLanguage\":\"de\"},{\"@type\":[\"Person\",\"Organization\"],\"@id\":\"https:\/\/ewaldvorberg.de\/homepage\/en\/#\/schema\/person\/5ea84d2cb8cfae5b13b19dc48b9ba7bb\",\"name\":\"ewald\",\"image\":{\"@type\":\"ImageObject\",\"inLanguage\":\"de\",\"@id\":\"https:\/\/ewaldvorberg.de\/homepage\/en\/#\/schema\/person\/image\/\",\"url\":\"https:\/\/secure.gravatar.com\/avatar\/93516028466aa3a156ce57f66b1a67a5?s=96&d=mm&r=g\",\"contentUrl\":\"https:\/\/secure.gravatar.com\/avatar\/93516028466aa3a156ce57f66b1a67a5?s=96&d=mm&r=g\",\"caption\":\"ewald\"},\"logo\":{\"@id\":\"https:\/\/ewaldvorberg.de\/homepage\/en\/#\/schema\/person\/image\/\"}}]}<\/script>\n<!-- \/ Yoast SEO plugin. -->","yoast_head_json":{"title":"Datenschutzerkl\u00e4rung &#187; Ewald Vorberg \u2502 Fotografie","robots":{"index":"noindex","follow":"nofollow"},"og_locale":"de_DE","og_type":"article","og_title":"Datenschutzerkl\u00e4rung &#187; Ewald Vorberg \u2502 Fotografie","og_description":"Datenschutzerkl\u00e4rung Wer ich bin Die Adresse meiner Webseite ist: https:\/\/ewaldvorberg.de\/homepage. Diese Webseite wird betrieben von: Ewald Vorberg R\u00f6tebuckweg 9 D-79104 Freiburg im Breisgau E-mail: info@ewaldvorberg.de Telefon: +4915152290476 Pr\u00e4ambel Ich betreibe diese Webseite, um Sie an meiner Fotografie teilhaben zu lassen &#8211; nichts anderes. Ihre personenbezogenen Daten sammle ich nur dann, wenn ich ein berechtigtes Interesse...","og_url":"https:\/\/ewaldvorberg.de\/homepage\/datenschutzerklaerung\/","og_site_name":"Ewald Vorberg \u2502 Fotografie","article_modified_time":"2024-09-08T07:51:38+00:00","twitter_card":"summary_large_image","twitter_misc":{"Gesch\u00e4tzte Lesezeit":"7\u00a0Minuten"},"schema":{"@context":"https:\/\/schema.org","@graph":[{"@type":"WebPage","@id":"https:\/\/ewaldvorberg.de\/homepage\/datenschutzerklaerung\/","url":"https:\/\/ewaldvorberg.de\/homepage\/datenschutzerklaerung\/","name":"Datenschutzerkl\u00e4rung &#187; Ewald Vorberg \u2502 Fotografie","isPartOf":{"@id":"https:\/\/ewaldvorberg.de\/homepage\/en\/#website"},"datePublished":"2020-07-14T08:12:44+00:00","dateModified":"2024-09-08T07:51:38+00:00","breadcrumb":{"@id":"https:\/\/ewaldvorberg.de\/homepage\/datenschutzerklaerung\/#breadcrumb"},"inLanguage":"de","potentialAction":[{"@type":"ReadAction","target":["https:\/\/ewaldvorberg.de\/homepage\/datenschutzerklaerung\/"]}]},{"@type":"BreadcrumbList","@id":"https:\/\/ewaldvorberg.de\/homepage\/datenschutzerklaerung\/#breadcrumb","itemListElement":[{"@type":"ListItem","position":1,"name":"Startseite","item":"https:\/\/ewaldvorberg.de\/homepage\/"},{"@type":"ListItem","position":2,"name":"Datenschutzerkl\u00e4rung"}]},{"@type":"WebSite","@id":"https:\/\/ewaldvorberg.de\/homepage\/en\/#website","url":"https:\/\/ewaldvorberg.de\/homepage\/en\/","name":"Ewald Vorberg \u2502 Fotografie","description":"Portraits, Landschaften, Still Life","publisher":{"@id":"https:\/\/ewaldvorberg.de\/homepage\/en\/#\/schema\/person\/5ea84d2cb8cfae5b13b19dc48b9ba7bb"},"potentialAction":[{"@type":"SearchAction","target":{"@type":"EntryPoint","urlTemplate":"https:\/\/ewaldvorberg.de\/homepage\/en\/?s={search_term_string}"},"query-input":{"@type":"PropertyValueSpecification","valueRequired":true,"valueName":"search_term_string"}}],"inLanguage":"de"},{"@type":["Person","Organization"],"@id":"https:\/\/ewaldvorberg.de\/homepage\/en\/#\/schema\/person\/5ea84d2cb8cfae5b13b19dc48b9ba7bb","name":"ewald","image":{"@type":"ImageObject","inLanguage":"de","@id":"https:\/\/ewaldvorberg.de\/homepage\/en\/#\/schema\/person\/image\/","url":"https:\/\/secure.gravatar.com\/avatar\/93516028466aa3a156ce57f66b1a67a5?s=96&d=mm&r=g","contentUrl":"https:\/\/secure.gravatar.com\/avatar\/93516028466aa3a156ce57f66b1a67a5?s=96&d=mm&r=g","caption":"ewald"},"logo":{"@id":"https:\/\/ewaldvorberg.de\/homepage\/en\/#\/schema\/person\/image\/"}}]}},"_links":{"self":[{"href":"https:\/\/ewaldvorberg.de\/homepage\/wp-json\/wp\/v2\/pages\/4931"}],"collection":[{"href":"https:\/\/ewaldvorberg.de\/homepage\/wp-json\/wp\/v2\/pages"}],"about":[{"href":"https:\/\/ewaldvorberg.de\/homepage\/wp-json\/wp\/v2\/types\/page"}],"author":[{"embeddable":true,"href":"https:\/\/ewaldvorberg.de\/homepage\/wp-json\/wp\/v2\/users\/1"}],"replies":[{"embeddable":true,"href":"https:\/\/ewaldvorberg.de\/homepage\/wp-json\/wp\/v2\/comments?post=4931"}],"version-history":[{"count":0,"href":"https:\/\/ewaldvorberg.de\/homepage\/wp-json\/wp\/v2\/pages\/4931\/revisions"}],"wp:attachment":[{"href":"https:\/\/ewaldvorberg.de\/homepage\/wp-json\/wp\/v2\/media?parent=4931"}],"curies":[{"name":"wp","href":"https:\/\/api.w.org\/{rel}","templated":true}]}}